{"id":2099,"date":"2013-12-26T02:45:02","date_gmt":"2013-12-26T00:45:02","guid":{"rendered":"http:\/\/olafholzapfel.de\/?page_id=2099"},"modified":"2025-02-28T09:35:52","modified_gmt":"2025-02-28T07:35:52","slug":"imprint","status":"publish","type":"page","link":"http:\/\/olafholzapfel.de\/en\/imprint\/","title":{"rendered":"Imprint"},"content":{"rendered":"<h1>Impressum \/ Imprint<\/h1>\n<p>Studio Olaf Holzapfel<br \/>\nAm Flutgraben 3<br \/>\n12437 Berlin<br \/>\nE-Mail: holzapfelstudio [et] hotmail [dot] com<\/p>\n<p><strong>Verantwortlich f\u00fcr den Inhalt gem\u00e4\u00df \u00a7 18 Abs. 2 MStV:<br \/>\n<\/strong>Olaf Holzapfel<br \/>\nAm Flutgraben 3<br \/>\n12437 Berlin<\/p>\n<p>Haftungshinweis: Trotz sorgf\u00e4ltiger inhaltlicher Kontrolle \u00fcbernehmen wir keine Haftung f\u00fcr die Inhalte externer Links. F\u00fcr den Inhalt der verlinkten Seiten sind ausschlie\u00dflich deren Betreiber verantwortlich.<\/p>\n<p>Alle Abbildungen sind Copyright gesch\u00fctzt- Verwendung nur nach Absprache<\/p>\n<p>All images are copyright protected &#8211; use only with individual permission<\/p>\n<p>Design &amp; WordPress \u00a92020 philipp wassermann<\/p>","protected":false},"excerpt":{"rendered":"Impressum \/ Imprint Studio Olaf Holzapfel Am Flutgraben 3 12437 Berlin E-Mail: holzapfelstudio [et] hotmail [dot] com Verantwortlich f\u00fcr den Inhalt gem\u00e4\u00df \u00a7 18 Abs. 2 MStV: Olaf Holzapfel Am Flutgraben 3 12437 Berlin Haftungshinweis: Trotz sorgf\u00e4ltiger inhaltlicher Kontrolle \u00fcbernehmen wir keine Haftung f\u00fcr die Inhalte externer Links. F\u00fcr den Inhalt der verlinkten Seiten sind&#8230; <a class=\"view-article\" href=\"http:\/\/olafholzapfel.de\/en\/imprint\/\">View Article<\/a>","protected":false},"author":2,"featured_media":0,"parent":0,"menu_order":5,"comment_status":"closed","ping_status":"open","template":"","meta":{"footnotes":""},"class_list":["post-2099","page","type-page","status-publish","hentry"],"yoast_head":"<!-- This site is optimized with the Yoast SEO plugin v26.7 - https:\/\/yoast.com\/wordpress\/plugins\/seo\/ -->\n<title>Imprint - Olaf Holzapfel<\/title>\n<meta name=\"robots\" content=\"index, follow, max-snippet:-1, max-image-preview:large, max-video-preview:-1\" \/>\n<link rel=\"canonical\" href=\"https:\/\/olafholzapfel.de\/en\/imprint\/\" \/>\n<meta property=\"og:locale\" content=\"en_GB\" \/>\n<meta property=\"og:type\" content=\"article\" \/>\n<meta property=\"og:title\" content=\"Imprint - Olaf Holzapfel\" \/>\n<meta property=\"og:description\" content=\"Impressum \/ Imprint Studio Olaf Holzapfel Am Flutgraben 3 12437 Berlin E-Mail: holzapfelstudio [et] hotmail [dot] com Verantwortlich f\u00fcr den Inhalt gem\u00e4\u00df \u00a7 18 Abs. 2 MStV: Olaf Holzapfel Am Flutgraben 3 12437 Berlin Haftungshinweis: Trotz sorgf\u00e4ltiger inhaltlicher Kontrolle \u00fcbernehmen wir keine Haftung f\u00fcr die Inhalte externer Links. F\u00fcr den Inhalt der verlinkten Seiten sind... View Article\" \/>\n<meta property=\"og:url\" content=\"https:\/\/olafholzapfel.de\/en\/imprint\/\" \/>\n<meta property=\"og:site_name\" content=\"Olaf Holzapfel\" \/>\n<meta property=\"article:modified_time\" content=\"2025-02-28T07:35:52+00:00\" \/>\n<meta name=\"twitter:card\" content=\"summary_large_image\" \/>\n<meta name=\"twitter:label1\" content=\"Estimated reading time\" \/>\n\t<meta name=\"twitter:data1\" content=\"1 minute\" \/>\n<script type=\"application\/ld+json\" class=\"yoast-schema-graph\">{\"@context\":\"https:\/\/schema.org\",\"@graph\":[{\"@type\":\"WebPage\",\"@id\":\"https:\/\/olafholzapfel.de\/imprint\/\",\"url\":\"https:\/\/olafholzapfel.de\/imprint\/\",\"name\":\"Imprint - Olaf Holzapfel\",\"isPartOf\":{\"@id\":\"https:\/\/olafholzapfel.de\/#website\"},\"datePublished\":\"2013-12-26T00:45:02+00:00\",\"dateModified\":\"2025-02-28T07:35:52+00:00\",\"breadcrumb\":{\"@id\":\"https:\/\/olafholzapfel.de\/imprint\/#breadcrumb\"},\"inLanguage\":\"en-GB\",\"potentialAction\":[{\"@type\":\"ReadAction\",\"target\":[\"https:\/\/olafholzapfel.de\/imprint\/\"]}]},{\"@type\":\"BreadcrumbList\",\"@id\":\"https:\/\/olafholzapfel.de\/imprint\/#breadcrumb\",\"itemListElement\":[{\"@type\":\"ListItem\",\"position\":1,\"name\":\"Startseite\",\"item\":\"https:\/\/olafholzapfel.de\/\"},{\"@type\":\"ListItem\",\"position\":2,\"name\":\"Imprint\"}]},{\"@type\":\"WebSite\",\"@id\":\"https:\/\/olafholzapfel.de\/#website\",\"url\":\"https:\/\/olafholzapfel.de\/\",\"name\":\"olaf holzapfel\",\"description\":\"Website of Berlin artist Olaf Holzapfel\",\"publisher\":{\"@id\":\"https:\/\/olafholzapfel.de\/#organization\"},\"potentialAction\":[{\"@type\":\"SearchAction\",\"target\":{\"@type\":\"EntryPoint\",\"urlTemplate\":\"https:\/\/olafholzapfel.de\/?s={search_term_string}\"},\"query-input\":{\"@type\":\"PropertyValueSpecification\",\"valueRequired\":true,\"valueName\":\"search_term_string\"}}],\"inLanguage\":\"en-GB\"},{\"@type\":\"Organization\",\"@id\":\"https:\/\/olafholzapfel.de\/#organization\",\"name\":\"olaf holzapfel studio\",\"url\":\"https:\/\/olafholzapfel.de\/\",\"logo\":{\"@type\":\"ImageObject\",\"inLanguage\":\"en-GB\",\"@id\":\"https:\/\/olafholzapfel.de\/#\/schema\/logo\/image\/\",\"url\":\"https:\/\/olafholzapfel.de\/wp-content\/uploads\/2024\/07\/olaf-holzapfel-zeitgenoessische-kunst.png\",\"contentUrl\":\"https:\/\/olafholzapfel.de\/wp-content\/uploads\/2024\/07\/olaf-holzapfel-zeitgenoessische-kunst.png\",\"width\":3142,\"height\":464,\"caption\":\"olaf holzapfel studio\"},\"image\":{\"@id\":\"https:\/\/olafholzapfel.de\/#\/schema\/logo\/image\/\"},\"sameAs\":[\"https:\/\/www.instagram.com\/olafholzapfel\"]}]}<\/script>\n<!-- \/ Yoast SEO plugin. -->","yoast_head_json":{"title":"Imprint - Olaf Holzapfel","robots":{"index":"index","follow":"follow","max-snippet":"max-snippet:-1","max-image-preview":"max-image-preview:large","max-video-preview":"max-video-preview:-1"},"canonical":"https:\/\/olafholzapfel.de\/en\/imprint\/","og_locale":"en_GB","og_type":"article","og_title":"Imprint - Olaf Holzapfel","og_description":"Impressum \/ Imprint Studio Olaf Holzapfel Am Flutgraben 3 12437 Berlin E-Mail: holzapfelstudio [et] hotmail [dot] com Verantwortlich f\u00fcr den Inhalt gem\u00e4\u00df \u00a7 18 Abs. 2 MStV: Olaf Holzapfel Am Flutgraben 3 12437 Berlin Haftungshinweis: Trotz sorgf\u00e4ltiger inhaltlicher Kontrolle \u00fcbernehmen wir keine Haftung f\u00fcr die Inhalte externer Links. F\u00fcr den Inhalt der verlinkten Seiten sind... View Article","og_url":"https:\/\/olafholzapfel.de\/en\/imprint\/","og_site_name":"Olaf Holzapfel","article_modified_time":"2025-02-28T07:35:52+00:00","twitter_card":"summary_large_image","twitter_misc":{"Estimated reading time":"1 minute"},"schema":{"@context":"https:\/\/schema.org","@graph":[{"@type":"WebPage","@id":"https:\/\/olafholzapfel.de\/imprint\/","url":"https:\/\/olafholzapfel.de\/imprint\/","name":"Imprint - Olaf Holzapfel","isPartOf":{"@id":"https:\/\/olafholzapfel.de\/#website"},"datePublished":"2013-12-26T00:45:02+00:00","dateModified":"2025-02-28T07:35:52+00:00","breadcrumb":{"@id":"https:\/\/olafholzapfel.de\/imprint\/#breadcrumb"},"inLanguage":"en-GB","potentialAction":[{"@type":"ReadAction","target":["https:\/\/olafholzapfel.de\/imprint\/"]}]},{"@type":"BreadcrumbList","@id":"https:\/\/olafholzapfel.de\/imprint\/#breadcrumb","itemListElement":[{"@type":"ListItem","position":1,"name":"Startseite","item":"https:\/\/olafholzapfel.de\/"},{"@type":"ListItem","position":2,"name":"Imprint"}]},{"@type":"WebSite","@id":"https:\/\/olafholzapfel.de\/#website","url":"https:\/\/olafholzapfel.de\/","name":"olaf holzapfel","description":"Website of Berlin artist Olaf Holzapfel","publisher":{"@id":"https:\/\/olafholzapfel.de\/#organization"},"potentialAction":[{"@type":"SearchAction","target":{"@type":"EntryPoint","urlTemplate":"https:\/\/olafholzapfel.de\/?s={search_term_string}"},"query-input":{"@type":"PropertyValueSpecification","valueRequired":true,"valueName":"search_term_string"}}],"inLanguage":"en-GB"},{"@type":"Organization","@id":"https:\/\/olafholzapfel.de\/#organization","name":"olaf holzapfel studio","url":"https:\/\/olafholzapfel.de\/","logo":{"@type":"ImageObject","inLanguage":"en-GB","@id":"https:\/\/olafholzapfel.de\/#\/schema\/logo\/image\/","url":"https:\/\/olafholzapfel.de\/wp-content\/uploads\/2024\/07\/olaf-holzapfel-zeitgenoessische-kunst.png","contentUrl":"https:\/\/olafholzapfel.de\/wp-content\/uploads\/2024\/07\/olaf-holzapfel-zeitgenoessische-kunst.png","width":3142,"height":464,"caption":"olaf holzapfel studio"},"image":{"@id":"https:\/\/olafholzapfel.de\/#\/schema\/logo\/image\/"},"sameAs":["https:\/\/www.instagram.com\/olafholzapfel"]}]}},"wps_subtitle":"","_links":{"self":[{"href":"http:\/\/olafholzapfel.de\/en\/wp-json\/wp\/v2\/pages\/2099","targetHints":{"allow":["GET"]}}],"collection":[{"href":"http:\/\/olafholzapfel.de\/en\/wp-json\/wp\/v2\/pages"}],"about":[{"href":"http:\/\/olafholzapfel.de\/en\/wp-json\/wp\/v2\/types\/page"}],"author":[{"embeddable":true,"href":"http:\/\/olafholzapfel.de\/en\/wp-json\/wp\/v2\/users\/2"}],"replies":[{"embeddable":true,"href":"http:\/\/olafholzapfel.de\/en\/wp-json\/wp\/v2\/comments?post=2099"}],"version-history":[{"count":6,"href":"http:\/\/olafholzapfel.de\/en\/wp-json\/wp\/v2\/pages\/2099\/revisions"}],"predecessor-version":[{"id":9616,"href":"http:\/\/olafholzapfel.de\/en\/wp-json\/wp\/v2\/pages\/2099\/revisions\/9616"}],"wp:attachment":[{"href":"http:\/\/olafholzapfel.de\/en\/wp-json\/wp\/v2\/media?parent=2099"}],"curies":[{"name":"wp","href":"https:\/\/api.w.org\/{rel}","templated":true}]}}