{"id":10363,"date":"2025-06-25T11:19:02","date_gmt":"2025-06-25T09:19:02","guid":{"rendered":"https:\/\/olafholzapfel.de\/?page_id=10363"},"modified":"2025-06-25T12:04:02","modified_gmt":"2025-06-25T10:04:02","slug":"presse-press","status":"publish","type":"page","link":"https:\/\/olafholzapfel.de\/en\/presse-press\/","title":{"rendered":"Presse \/ Press"},"content":{"rendered":"<h2 class=\"wp-block-heading\">Download Pressebilder \/ press images<\/h2>\n\n\n\n<p>Klicken Sie auf das Bild zur Vergr\u00f6\u00dferung und laden Sie anschlie\u00dfend das Bild herunter.<br>Click on the image to enlarge and then download the image.<\/p>\n\n\n\n<div class=\"wp-block-columns is-layout-flex wp-container-core-columns-is-layout-9d6595d7 wp-block-columns-is-layout-flex\">\n<div class=\"wp-block-column is-layout-flow wp-block-column-is-layout-flow\" style=\"flex-basis:33.33%\">\n<figure class=\"wp-block-image size-large\"><a href=\"https:\/\/olafholzapfel.de\/wp\/wp-content\/uploads\/2019\/12\/002_HL_Utopie_Anders_Wohnen_DR17555-scaled.jpg\"><img loading=\"lazy\" decoding=\"async\" width=\"700\" height=\"560\" src=\"https:\/\/olafholzapfel.de\/wp\/wp-content\/uploads\/2019\/12\/002_HL_Utopie_Anders_Wohnen_DR17555-700x560.jpg\" alt=\"\" class=\"wp-image-6584\" srcset=\"https:\/\/olafholzapfel.de\/wp-content\/uploads\/2019\/12\/002_HL_Utopie_Anders_Wohnen_DR17555-700x560.jpg 700w, https:\/\/olafholzapfel.de\/wp-content\/uploads\/2019\/12\/002_HL_Utopie_Anders_Wohnen_DR17555-250x200.jpg 250w, https:\/\/olafholzapfel.de\/wp-content\/uploads\/2019\/12\/002_HL_Utopie_Anders_Wohnen_DR17555-768x614.jpg 768w, https:\/\/olafholzapfel.de\/wp-content\/uploads\/2019\/12\/002_HL_Utopie_Anders_Wohnen_DR17555-1536x1229.jpg 1536w, https:\/\/olafholzapfel.de\/wp-content\/uploads\/2019\/12\/002_HL_Utopie_Anders_Wohnen_DR17555-2048x1638.jpg 2048w, https:\/\/olafholzapfel.de\/wp-content\/uploads\/2019\/12\/002_HL_Utopie_Anders_Wohnen_DR17555-120x96.jpg 120w\" sizes=\"auto, (max-width: 700px) 100vw, 700px\" \/><\/a><\/figure>\n<\/div>\n\n\n\n<div class=\"wp-block-column is-layout-flow wp-block-column-is-layout-flow\" style=\"flex-basis:66.66%\">\n<p>Credits<\/p>\n\n\n\n<p>Olaf Holzapfel: Reimbursement Cells, 2019; Reet, Holz; 320 x 280 x 1000 cm. Ausstellungsansicht Haus Lange, Krefeld.<br>Courtesy the artist<\/p>\n<\/div>\n<\/div>","protected":false},"excerpt":{"rendered":"Download Pressebilder \/ press images Klicken Sie auf das Bild zur Vergr\u00f6\u00dferung und laden Sie anschlie\u00dfend das Bild herunter.Click on the image to enlarge and then download the image. Credits Olaf Holzapfel: Reimbursement Cells, 2019; Reet, Holz; 320 x 280 x 1000 cm. Ausstellungsansicht Haus Lange, Krefeld.Courtesy the artist","protected":false},"author":7,"featured_media":0,"parent":0,"menu_order":0,"comment_status":"closed","ping_status":"closed","template":"","meta":{"footnotes":""},"class_list":["post-10363","page","type-page","status-publish","hentry"],"yoast_head":"<!-- This site is optimized with the Yoast SEO plugin v27.4 - https:\/\/yoast.com\/product\/yoast-seo-wordpress\/ -->\n<title>Presse \/ Press - Olaf Holzapfel<\/title>\n<meta name=\"robots\" content=\"index, follow, max-snippet:-1, max-image-preview:large, max-video-preview:-1\" \/>\n<link rel=\"canonical\" href=\"https:\/\/olafholzapfel.de\/en\/presse-press\/\" \/>\n<meta property=\"og:locale\" content=\"en_GB\" \/>\n<meta property=\"og:type\" content=\"article\" \/>\n<meta property=\"og:title\" content=\"Presse \/ Press - Olaf Holzapfel\" \/>\n<meta property=\"og:description\" content=\"Download Pressebilder \/ press images Klicken Sie auf das Bild zur Vergr\u00f6\u00dferung und laden Sie anschlie\u00dfend das Bild herunter.Click on the image to enlarge and then download the image. Credits Olaf Holzapfel: Reimbursement Cells, 2019; Reet, Holz; 320 x 280 x 1000 cm. Ausstellungsansicht Haus Lange, Krefeld.Courtesy the artist\" \/>\n<meta property=\"og:url\" content=\"https:\/\/olafholzapfel.de\/en\/presse-press\/\" \/>\n<meta property=\"og:site_name\" content=\"Olaf Holzapfel\" \/>\n<meta property=\"article:modified_time\" content=\"2025-06-25T10:04:02+00:00\" \/>\n<meta property=\"og:image\" content=\"https:\/\/olafholzapfel.de\/wp-content\/uploads\/2019\/12\/002_HL_Utopie_Anders_Wohnen_DR17555-scaled.jpg\" \/>\n\t<meta property=\"og:image:width\" content=\"2560\" \/>\n\t<meta property=\"og:image:height\" content=\"2048\" \/>\n\t<meta property=\"og:image:type\" content=\"image\/jpeg\" \/>\n<meta name=\"twitter:card\" content=\"summary_large_image\" \/>\n<script type=\"application\/ld+json\" class=\"yoast-schema-graph\">{\"@context\":\"https:\\\/\\\/schema.org\",\"@graph\":[{\"@type\":\"WebPage\",\"@id\":\"https:\\\/\\\/olafholzapfel.de\\\/presse-press\\\/\",\"url\":\"https:\\\/\\\/olafholzapfel.de\\\/presse-press\\\/\",\"name\":\"Presse \\\/ Press - Olaf Holzapfel\",\"isPartOf\":{\"@id\":\"https:\\\/\\\/olafholzapfel.de\\\/#website\"},\"primaryImageOfPage\":{\"@id\":\"https:\\\/\\\/olafholzapfel.de\\\/presse-press\\\/#primaryimage\"},\"image\":{\"@id\":\"https:\\\/\\\/olafholzapfel.de\\\/presse-press\\\/#primaryimage\"},\"thumbnailUrl\":\"https:\\\/\\\/olafholzapfel.de\\\/wp\\\/wp-content\\\/uploads\\\/2019\\\/12\\\/002_HL_Utopie_Anders_Wohnen_DR17555-700x560.jpg\",\"datePublished\":\"2025-06-25T09:19:02+00:00\",\"dateModified\":\"2025-06-25T10:04:02+00:00\",\"breadcrumb\":{\"@id\":\"https:\\\/\\\/olafholzapfel.de\\\/presse-press\\\/#breadcrumb\"},\"inLanguage\":\"en-GB\",\"potentialAction\":[{\"@type\":\"ReadAction\",\"target\":[\"https:\\\/\\\/olafholzapfel.de\\\/presse-press\\\/\"]}]},{\"@type\":\"ImageObject\",\"inLanguage\":\"en-GB\",\"@id\":\"https:\\\/\\\/olafholzapfel.de\\\/presse-press\\\/#primaryimage\",\"url\":\"https:\\\/\\\/olafholzapfel.de\\\/wp\\\/wp-content\\\/uploads\\\/2019\\\/12\\\/002_HL_Utopie_Anders_Wohnen_DR17555-700x560.jpg\",\"contentUrl\":\"https:\\\/\\\/olafholzapfel.de\\\/wp\\\/wp-content\\\/uploads\\\/2019\\\/12\\\/002_HL_Utopie_Anders_Wohnen_DR17555-700x560.jpg\"},{\"@type\":\"BreadcrumbList\",\"@id\":\"https:\\\/\\\/olafholzapfel.de\\\/presse-press\\\/#breadcrumb\",\"itemListElement\":[{\"@type\":\"ListItem\",\"position\":1,\"name\":\"Startseite\",\"item\":\"https:\\\/\\\/olafholzapfel.de\\\/\"},{\"@type\":\"ListItem\",\"position\":2,\"name\":\"Presse \\\/ Press\"}]},{\"@type\":\"WebSite\",\"@id\":\"https:\\\/\\\/olafholzapfel.de\\\/#website\",\"url\":\"https:\\\/\\\/olafholzapfel.de\\\/\",\"name\":\"olaf holzapfel\",\"description\":\"Website of Berlin artist Olaf Holzapfel\",\"publisher\":{\"@id\":\"https:\\\/\\\/olafholzapfel.de\\\/#organization\"},\"potentialAction\":[{\"@type\":\"SearchAction\",\"target\":{\"@type\":\"EntryPoint\",\"urlTemplate\":\"https:\\\/\\\/olafholzapfel.de\\\/?s={search_term_string}\"},\"query-input\":{\"@type\":\"PropertyValueSpecification\",\"valueRequired\":true,\"valueName\":\"search_term_string\"}}],\"inLanguage\":\"en-GB\"},{\"@type\":\"Organization\",\"@id\":\"https:\\\/\\\/olafholzapfel.de\\\/#organization\",\"name\":\"olaf holzapfel studio\",\"url\":\"https:\\\/\\\/olafholzapfel.de\\\/\",\"logo\":{\"@type\":\"ImageObject\",\"inLanguage\":\"en-GB\",\"@id\":\"https:\\\/\\\/olafholzapfel.de\\\/#\\\/schema\\\/logo\\\/image\\\/\",\"url\":\"https:\\\/\\\/olafholzapfel.de\\\/wp-content\\\/uploads\\\/2024\\\/07\\\/olaf-holzapfel-zeitgenoessische-kunst.png\",\"contentUrl\":\"https:\\\/\\\/olafholzapfel.de\\\/wp-content\\\/uploads\\\/2024\\\/07\\\/olaf-holzapfel-zeitgenoessische-kunst.png\",\"width\":3142,\"height\":464,\"caption\":\"olaf holzapfel studio\"},\"image\":{\"@id\":\"https:\\\/\\\/olafholzapfel.de\\\/#\\\/schema\\\/logo\\\/image\\\/\"},\"sameAs\":[\"https:\\\/\\\/www.instagram.com\\\/olafholzapfel\"]}]}<\/script>\n<!-- \/ Yoast SEO plugin. -->","yoast_head_json":{"title":"Presse \/ Press - Olaf Holzapfel","robots":{"index":"index","follow":"follow","max-snippet":"max-snippet:-1","max-image-preview":"max-image-preview:large","max-video-preview":"max-video-preview:-1"},"canonical":"https:\/\/olafholzapfel.de\/en\/presse-press\/","og_locale":"en_GB","og_type":"article","og_title":"Presse \/ Press - Olaf Holzapfel","og_description":"Download Pressebilder \/ press images Klicken Sie auf das Bild zur Vergr\u00f6\u00dferung und laden Sie anschlie\u00dfend das Bild herunter.Click on the image to enlarge and then download the image. Credits Olaf Holzapfel: Reimbursement Cells, 2019; Reet, Holz; 320 x 280 x 1000 cm. Ausstellungsansicht Haus Lange, Krefeld.Courtesy the artist","og_url":"https:\/\/olafholzapfel.de\/en\/presse-press\/","og_site_name":"Olaf Holzapfel","article_modified_time":"2025-06-25T10:04:02+00:00","og_image":[{"width":2560,"height":2048,"url":"https:\/\/olafholzapfel.de\/wp-content\/uploads\/2019\/12\/002_HL_Utopie_Anders_Wohnen_DR17555-scaled.jpg","type":"image\/jpeg"}],"twitter_card":"summary_large_image","schema":{"@context":"https:\/\/schema.org","@graph":[{"@type":"WebPage","@id":"https:\/\/olafholzapfel.de\/presse-press\/","url":"https:\/\/olafholzapfel.de\/presse-press\/","name":"Presse \/ Press - Olaf Holzapfel","isPartOf":{"@id":"https:\/\/olafholzapfel.de\/#website"},"primaryImageOfPage":{"@id":"https:\/\/olafholzapfel.de\/presse-press\/#primaryimage"},"image":{"@id":"https:\/\/olafholzapfel.de\/presse-press\/#primaryimage"},"thumbnailUrl":"https:\/\/olafholzapfel.de\/wp\/wp-content\/uploads\/2019\/12\/002_HL_Utopie_Anders_Wohnen_DR17555-700x560.jpg","datePublished":"2025-06-25T09:19:02+00:00","dateModified":"2025-06-25T10:04:02+00:00","breadcrumb":{"@id":"https:\/\/olafholzapfel.de\/presse-press\/#breadcrumb"},"inLanguage":"en-GB","potentialAction":[{"@type":"ReadAction","target":["https:\/\/olafholzapfel.de\/presse-press\/"]}]},{"@type":"ImageObject","inLanguage":"en-GB","@id":"https:\/\/olafholzapfel.de\/presse-press\/#primaryimage","url":"https:\/\/olafholzapfel.de\/wp\/wp-content\/uploads\/2019\/12\/002_HL_Utopie_Anders_Wohnen_DR17555-700x560.jpg","contentUrl":"https:\/\/olafholzapfel.de\/wp\/wp-content\/uploads\/2019\/12\/002_HL_Utopie_Anders_Wohnen_DR17555-700x560.jpg"},{"@type":"BreadcrumbList","@id":"https:\/\/olafholzapfel.de\/presse-press\/#breadcrumb","itemListElement":[{"@type":"ListItem","position":1,"name":"Startseite","item":"https:\/\/olafholzapfel.de\/"},{"@type":"ListItem","position":2,"name":"Presse \/ Press"}]},{"@type":"WebSite","@id":"https:\/\/olafholzapfel.de\/#website","url":"https:\/\/olafholzapfel.de\/","name":"olaf holzapfel","description":"Website of Berlin artist Olaf Holzapfel","publisher":{"@id":"https:\/\/olafholzapfel.de\/#organization"},"potentialAction":[{"@type":"SearchAction","target":{"@type":"EntryPoint","urlTemplate":"https:\/\/olafholzapfel.de\/?s={search_term_string}"},"query-input":{"@type":"PropertyValueSpecification","valueRequired":true,"valueName":"search_term_string"}}],"inLanguage":"en-GB"},{"@type":"Organization","@id":"https:\/\/olafholzapfel.de\/#organization","name":"olaf holzapfel studio","url":"https:\/\/olafholzapfel.de\/","logo":{"@type":"ImageObject","inLanguage":"en-GB","@id":"https:\/\/olafholzapfel.de\/#\/schema\/logo\/image\/","url":"https:\/\/olafholzapfel.de\/wp-content\/uploads\/2024\/07\/olaf-holzapfel-zeitgenoessische-kunst.png","contentUrl":"https:\/\/olafholzapfel.de\/wp-content\/uploads\/2024\/07\/olaf-holzapfel-zeitgenoessische-kunst.png","width":3142,"height":464,"caption":"olaf holzapfel studio"},"image":{"@id":"https:\/\/olafholzapfel.de\/#\/schema\/logo\/image\/"},"sameAs":["https:\/\/www.instagram.com\/olafholzapfel"]}]}},"wps_subtitle":"","_links":{"self":[{"href":"https:\/\/olafholzapfel.de\/en\/wp-json\/wp\/v2\/pages\/10363","targetHints":{"allow":["GET"]}}],"collection":[{"href":"https:\/\/olafholzapfel.de\/en\/wp-json\/wp\/v2\/pages"}],"about":[{"href":"https:\/\/olafholzapfel.de\/en\/wp-json\/wp\/v2\/types\/page"}],"author":[{"embeddable":true,"href":"https:\/\/olafholzapfel.de\/en\/wp-json\/wp\/v2\/users\/7"}],"replies":[{"embeddable":true,"href":"https:\/\/olafholzapfel.de\/en\/wp-json\/wp\/v2\/comments?post=10363"}],"version-history":[{"count":18,"href":"https:\/\/olafholzapfel.de\/en\/wp-json\/wp\/v2\/pages\/10363\/revisions"}],"predecessor-version":[{"id":10392,"href":"https:\/\/olafholzapfel.de\/en\/wp-json\/wp\/v2\/pages\/10363\/revisions\/10392"}],"wp:attachment":[{"href":"https:\/\/olafholzapfel.de\/en\/wp-json\/wp\/v2\/media?parent=10363"}],"curies":[{"name":"wp","href":"https:\/\/api.w.org\/{rel}","templated":true}]}}